{"id":16512,"date":"2023-12-14T12:19:48","date_gmt":"2023-12-14T12:19:48","guid":{"rendered":"https:\/\/www.anagarciaphotography.com\/?page_id=16512"},"modified":"2023-12-14T12:19:48","modified_gmt":"2023-12-14T12:19:48","slug":"politica-de-cookies","status":"publish","type":"page","link":"https:\/\/www.anagarciaphotography.com\/es\/politica-de-cookies\/","title":{"rendered":"Pol\u00edtica de Cookies"},"content":{"rendered":"<div class=\"fusion-fullwidth fullwidth-box fusion-builder-row-1 fusion-flex-container nonhundred-percent-fullwidth non-hundred-percent-height-scrolling\" style=\"--awb-border-radius-top-left:0px;--awb-border-radius-top-right:0px;--awb-border-radius-bottom-right:0px;--awb-border-radius-bottom-left:0px;--awb-flex-wrap:wrap;\" ><div class=\"fusion-builder-row fusion-row fusion-flex-align-items-flex-start fusion-flex-content-wrap\" style=\"max-width:1352px;margin-left: calc(-4% \/ 2 );margin-right: calc(-4% \/ 2 );\"><div class=\"fusion-layout-column fusion_builder_column fusion-builder-column-0 fusion_builder_column_1_1 1_1 fusion-flex-column\" style=\"--awb-bg-size:cover;--awb-width-large:100%;--awb-margin-top-large:0px;--awb-spacing-right-large:1.92%;--awb-margin-bottom-large:20px;--awb-spacing-left-large:1.92%;--awb-width-medium:100%;--awb-order-medium:0;--awb-spacing-right-medium:1.92%;--awb-spacing-left-medium:1.92%;--awb-width-small:100%;--awb-order-small:0;--awb-spacing-right-small:1.92%;--awb-spacing-left-small:1.92%;\"><div class=\"fusion-column-wrapper fusion-column-has-shadow fusion-flex-justify-content-flex-start fusion-content-layout-column\"><div class=\"fusion-text fusion-text-1\"><h1><strong><u>POL\u00cdTICA<\/u><\/strong> <strong><u>DE COOKIES<\/u><\/strong><\/h1>\n<h2>General<\/h2>\n<p><strong>ANA MAR\u00cdA GARC\u00cdA HERRERO <\/strong>comunica a los usuarios, a trav\u00e9s de este aviso, que puede utilizar cookies cuando el usuario navega por las diferentes pantallas y p\u00e1ginas del sitio.<\/p>\n<p>Durante el uso de nuestra p\u00e1gina Web usted acepta y autoriza expresamente el uso de cookies, de acuerdo con nuestra Pol\u00edtica de Privacidad.<\/p>\n<h2>\u00bfQu\u00e9 son las cookies?<\/h2>\n<p>Una cookie es un archivo de texto muy peque\u00f1o que un servidor Web puede guardar en el navegador de un equipo para almacenar alg\u00fan tipo de informaci\u00f3n sobre el usuario. La cookie identifica el equipo de forma \u00fanica, y s\u00f3lo puede ser le\u00edda por el sitio Web que lo envi\u00f3 al equipo.<\/p>\n<p>Una cookie no es un archivo ejecutable ni un programa y por lo tanto no puede propagar o contener un virus u otro software malicioso, ni puede tener una longitud superior a 4.000 caracteres.<\/p>\n<h2>\u00bfPara qu\u00e9 sirven las cookies?<\/h2>\n<p>La utilizaci\u00f3n de las cookies tiene como finalidad recordar las preferencias del usuario ( idioma, pa\u00eds, inicio de sesi\u00f3n, caracter\u00edsticas de su navegador, informaci\u00f3n de uso de nuestra Web, etc.).<\/p>\n<p>Recordando sus preferencias no tendremos que, por ejemplo, preguntarle por su pa\u00eds cada vez que visite nuestra Web. Sabremos las caracter\u00edsticas del Sistema Operativo y el navegador del dispositivo que se est\u00e1 usando y as\u00ed podremos ofrecerle una mejor experiencia de navegaci\u00f3n.<\/p>\n<p>Las cookies pueden ayudar a nuestro sitio Web a distinguir el navegador del usuario como<\/p>\n<p>visitante anterior y as\u00ed guardar y recordar las preferencias que puedan haberse establecido mientras el usuario estaba navegando por el sitio, personalizar las p\u00e1ginas de inicio, identificar qu\u00e9 sectores de un sitio han sido visitados o mantener un registro de selecciones en un \u00abcarro de compra\u00bb entre otros.<\/p>\n<p><strong>ANA MAR\u00cdA GARC\u00cdA HERRERO <\/strong>puede utilizar las cookies con el objeto de reconocer a los usuarios que hayan accedido a nuestro sitio web y poder ofrecerles un mejor servicio y m\u00e1s personalizado. Asimismo, pueden ser utilizadas para obtener informaci\u00f3n acerca de la fecha y hora de la \u00faltima visita del usuario, medir algunos par\u00e1metros de tr\u00e1fico dentro del propio site y estimar el n\u00famero de visitas realizadas, de manera que <strong>ANA MAR\u00cdA GARC\u00cdA HERRERO <\/strong>pueda enfocar y ajustar los servicios y promociones de forma m\u00e1s efectiva.<\/p>\n<p>Normalmente los sitios Web utilizan las cookies para obtener informaci\u00f3n estad\u00edstica sobre sus p\u00e1ginas Web. Tenga en cuenta que recogemos datos sobre sus movimientos y uso de nuestra Web como datos estad\u00edsticos, no personales.<\/p>\n<h2>Tipos de cookies<\/h2>\n<p>Las cookies se pueden clasificar en funci\u00f3n a la entidad que las gestione, el tiempo que \u00e9stas permanecen activas o seg\u00fan su finalidad. En algunas ocasiones podremos comprobar que una misma cookie puede estar incluida dentro de m\u00e1s de una categor\u00eda.<\/p>\n<p><em><u>En funci\u00f3n a su propiedad<\/u><\/em><\/p>\n<ul>\n<li><strong>Cookies propias<\/strong>: Son aquellas que se env\u00edan al equipo del usuario desde un equipo o dominio gestionado por <strong>ANA MAR\u00cdA GARC\u00cdA HERRERO<\/strong>.<\/li>\n<li><strong>Cookies de terceros <\/strong>: Son aqu\u00e9llas que se env\u00edan al equipo terminal del usuario desde un equipo o dominio que no es gestionado por el editor, sino por otra entidad que trata los datos obtenidos a trav\u00e9s de las cookies.<\/li>\n<\/ul>\n<p><em><u>En funci\u00f3n a su temporalidad<\/u><\/em><\/p>\n<ul>\n<li><strong>Cookies de sesi\u00f3n: <\/strong>Son aquellas que recaban datos mientras que el usuario est\u00e1 navegando por la p\u00e1gina web.<\/li>\n<li><strong>Cookies persistentes: <\/strong>Son aquellas en las que los datos siguen almacenados en el terminal y pueden ser accedidos y tratados durante un periodo definido por el responsable de la cookie, y que puede ir de unos minutos a varios a\u00f1os.<\/li>\n<\/ul>\n<p><em><u>En funci\u00f3n a su finalidad<\/u><\/em><\/p>\n<ul>\n<li><strong>Cookies t\u00e9cnicas: <\/strong>Son aquellas que se usan de forma interna y que son necesarias para el funcionamiento de la web.<\/li>\n<li><strong>Cookies anal\u00edticas<\/strong>: Son aquellas que permiten recabar informaci\u00f3n estad\u00edstica sobre la actividad de los usuarios. Dicha informaci\u00f3n se recopila de forma an\u00f3nima y permite optimizar la navegaci\u00f3n por nuestra web con el fin de garantizar un mejor servicio al usuario.<\/li>\n<li><strong>Cookies de personalizaci\u00f3n <\/strong>: Son aquellas que permiten al usuario acceder al servicio con algunas caracter\u00edsticas de car\u00e1cter general predefinidas en funci\u00f3n de una serie<\/li>\n<\/ul>\n<p>de criterios en el terminal del usuario como por ejemplo ser\u00edan el idioma, el tipo de navegador a trav\u00e9s del cual accede al servicio, la configuraci\u00f3n regional desde donde accede al servicio, etc.<\/p>\n<ul>\n<li><strong>Cookies publicitarias<\/strong>: Son aqu\u00e9llas que permiten la gesti\u00f3n, de la forma m\u00e1s eficaz posible, de los espacios publicitarios que, en su caso, el editor haya incluido en una p\u00e1gina web, aplicaci\u00f3n o plataforma desde la que presta el servicio solicitado en base a criterios como el contenido editado o la frecuencia en la que se muestran los anuncios.<\/li>\n<li><strong>Cookies de publicidad comportamental: <\/strong>Son aqu\u00e9llas que permiten la gesti\u00f3n, de la forma m\u00e1s eficaz posible, de los espacios publicitarios que, en su caso, el editor haya incluido en una p\u00e1gina web, aplicaci\u00f3n o plataforma desde la que presta el servicio solicitado. Estas cookies almacenan informaci\u00f3n del comportamiento de los usuarios obtenida a trav\u00e9s de la observaci\u00f3n continuada de sus h\u00e1bitos de navegaci\u00f3n, lo que permite desarrollar un perfil espec\u00edfico para mostrar publicidad en funci\u00f3n del mismo.<\/li>\n<\/ul>\n<h2>Finalidades de las cookies.<\/h2>\n<p>A continuaci\u00f3n, se presenta una lista de las cookies que puede encontrar en nuestro sitio Web y una breve descripci\u00f3n de su finalidad. Le aseguramos que ninguna de ellas conserva informaci\u00f3n de identificaci\u00f3n personal sobre usted. Algunas cookies personalizan su visita, otras recuerdan sus preferencias, mientras que otras solo nos proveen estad\u00edsticas de los visitantes.<\/p>\n<h2>Salvaguardas de protecci\u00f3n.<\/h2>\n<p>El usuario puede configurar su navegador para aceptar, o no, las cookies que recibe o para que el navegador le avise cuando un servidor quiera guardar una cookie o borrarlas de su ordenador. En caso de aceptar cookies de terceros y se desea retirar el consentimiento sobre las mismas, el Usuario puede encontrar las instrucciones en la configuraci\u00f3n de seguridad en su navegador Web.<\/p>\n<p>Ejemplos:<\/p>\n<ul>\n<li>Si utiliza Microsoft Internet Explorer, en la opci\u00f3n de men\u00fa Herramientas &gt; Opciones de Internet &gt; Privacidad &gt; Configuraci\u00f3n.<\/li>\n<li>Si utiliza Firefox, en la opci\u00f3n de men\u00fa Herramientas &gt; Opciones &gt; Privacidad &gt;<\/li>\n<li>Si utiliza Google Chrome, en la opci\u00f3n de men\u00fa Configuraci\u00f3n &gt;<\/li>\n<li>Si utiliza Safari, en la opci\u00f3n de men\u00fa Preferencias &gt;<\/li>\n<li>Si utiliza \u00d3pera,.&gt; Configuraci\u00f3n &gt; Eliminar informaci\u00f3n<\/li>\n<li>Si utiliza un explorador nativo de su terminal m\u00f3vil, Ajustes &gt; Borrar datos o Privacidad y Seguridad*<\/li>\n<\/ul>\n<p><em>*Puede diferir en funci\u00f3n al modelo de versi\u00f3n del sistema operativo.<\/em><\/p>\n<p>Puede hacer uso de la secci\u00f3n Ayuda que encontrar\u00e1 en la barra de herramientas de la mayor\u00eda de navegadores para cambiar los ajustes de su ordenador, sin embargo, algunas de las caracter\u00edsticas de nuestros servicios online pueden no funcionar o pueden resultar m\u00e1s complicadas de acceder si rechaza todas las cookies.<\/p>\n<p>Muchos navegadores permiten activar un modo privado mediante el cual las cookies se borran siempre despu\u00e9s de su visita. Dependiendo de cada navegador, este modo privado puede tener diferentes nombres, abajo puede encontrar una lista de los navegadores m\u00e1s comunes y los diferentes nombres de este modo privado:<\/p>\n<ul>\n<li>Internet Explorer 8 y superior: InPrivate<\/li>\n<li>FireFox 5 y superior: Navegaci\u00f3n Privada<\/li>\n<li>Google Chrome 10 y superior: Inc\u00f3gnito<\/li>\n<li>Safari 2 y superior: Navegaci\u00f3n Privada<\/li>\n<li>Opera 5 y superior: Navegaci\u00f3n Privada<\/li>\n<li>Navegador: Pesta\u00f1a de inc\u00f3gnito<\/li>\n<\/ul>\n<p>Por favor, lea atentamente la secci\u00f3n de ayuda de su navegador para conocer m\u00e1s acerca de c\u00f3mo activar el modo privado. Podr\u00e1 seguir visitando nuestra Web, aunque su navegador est\u00e9 en modo privado, no obstante, la experiencia de usuario puede no ser \u00f3ptima y algunas utilidades pueden no funcionar.<\/p>\n<p>Si desea impedir que Google Analytics recopile estad\u00edsticas de seguridad visite el siguiente enlace: https:\/\/tools.google.com\/dlpage\/gaoptout.<\/p>\n<p>Adem\u00e1s, tambi\u00e9n puede gestionar el almac\u00e9n de cookies en su navegador a trav\u00e9s de herramientas como las siguientes:<\/p>\n<ul>\n<li>Ghostery: <a href=\"http:\/\/www.ghostery.com\/\" target=\"_blank\" rel=\"noopener\">ghostery.com\/<\/a><\/li>\n<li>Your online choices: <a href=\"http:\/\/www.youronlinechoices.com\/es\/\" target=\"_blank\" rel=\"noopener\">youronlinechoices.com\/es\/<\/a><\/li>\n<\/ul>\n<p><strong>ANA MAR\u00cdA GARC\u00cdA HERRERO <\/strong>le agradece que active la aceptaci\u00f3n de cookies, esto nos ayuda a obtener datos m\u00e1s precisos que nos permiten mejorar el contenido y el dise\u00f1o de nuestra p\u00e1gina Web para adaptarlo a sus preferencias.<\/p>\n<p>Adicionalmente, <strong>ANA MAR\u00cdA GARC\u00cdA HERRERO <\/strong>tiene presencia en portales y servicios de terceros para los que, si se desea conocer las condiciones de privacidad y uso de cookies, deber\u00e1n consultarle las pol\u00edticas proporcionadas por los mismos:<\/p>\n<p>Facebook: https:\/\/es-es.facebook.com\/help\/cookies Twitter: https:\/\/twitter.com\/privacy<\/p>\n<p>YouTube: https:\/\/<a href=\"http:\/\/www.google.es\/intl\/es\/policies\/technologies\/cookies\/\" target=\"_blank\" rel=\"noopener\">www.google.es\/intl\/es\/policies\/technologies\/cookies\/<\/a> LinkedIn: <a href=\"http:\/\/www.linkedin.com\/legal\/privacy-policy\" target=\"_blank\" rel=\"noopener\">http:\/\/www.linkedin.com\/legal\/privacy-policy<\/a><\/p>\n<p>Google+: https:\/\/<a href=\"http:\/\/www.google.es\/intl\/es\/policies\/technologies\/cookies\/\" target=\"_blank\" rel=\"noopener\">www.google.es\/intl\/es\/policies\/technologies\/cookies\/<\/a> Instagram: https:\/\/<a href=\"http:\/\/www.instagram.com\/legal\/cookies\/\" target=\"_blank\" rel=\"noopener\">www.instagram.com\/legal\/cookies\/<\/a><\/p>\n<h2>\u00bfActualizamos nuestra Pol\u00edtica de Cookies?<\/h2>\n<p>Es posible que actualicemos la Pol\u00edtica de Cookies de nuestro Sitio Web, por ello le recomendamos revisar esta pol\u00edtica cada vez que acceda a nuestro Sitio Web con el objetivo de estar adecuadamente informado sobre c\u00f3mo y para qu\u00e9 usamos las cookies.<\/p>\n<p>El periodo de conservaci\u00f3n de los datos obtenidos para los diferentes fines en los t\u00e9rminos establecidos en el art\u00edculo 13.2 a) del RGPD y en relaci\u00f3n con el resto de informaci\u00f3n exigida en el art\u00edculo anteriormente mencionado, se encuentra contemplado en nuestra Pol\u00edtica de Privacidad, clica AQU\u00cd si desea acceder a la misma o clica en el apartado de Pol\u00edtica de Privacidad.<\/p>\n<h1><u>CUADRO DE CONFIGURACI\u00d3N DE COOKIES\u00a0<\/u><\/h1>\n<p>Este cuadro deber\u00e1 estar disponible por el usuario a trav\u00e9s de un enlace disponible en la p\u00e1gina web, bajo el t\u00e9rmino CONFIGURACI\u00d3N DE COOKIES. Dicho enlace deber\u00e1 estar incluido en el fald\u00f3n de cookies y en la Pol\u00edtica de Cookies de la web, as\u00ed el usuario podr\u00e1 aceptar o rechazar las cookies seg\u00fan sus necesidades.<\/p>\n<table>\n<tbody>\n<tr>\n<td width=\"141\"><strong>Tipo de Cookie<\/strong><\/td>\n<td width=\"415\"><strong>Descripci\u00f3n<\/strong><\/td>\n<td width=\"123\"><strong>Configuraci\u00f3n<\/strong><\/td>\n<\/tr>\n<tr>\n<td width=\"141\"><strong>Cookies t\u00e9cnicas<\/strong><\/td>\n<td width=\"415\">Son aquellas que se usan de forma internas y que son necesarias para el funcionamiento de la web.<\/td>\n<td width=\"123\"><strong>Necesarias<\/strong><\/td>\n<\/tr>\n<tr>\n<td width=\"141\"><strong>Cookies anal\u00edticas<\/strong><\/td>\n<td width=\"415\">Son aquellas que permiten recabar informaci\u00f3n estad\u00edstica sobre la actividad de los usuarios. Dicha informaci\u00f3n se recopila de forma an\u00f3nima y permite optimizar la navegaci\u00f3n por la nuestra web con el fin de<\/p>\n<p>garantizar un mejor servicio al usuario<\/td>\n<td width=\"123\"><strong>o<\/strong><\/td>\n<\/tr>\n<tr>\n<td width=\"141\"><strong>Cookies de personalizaci\u00f3n<\/strong><\/td>\n<td width=\"415\">Son aquellas que permiten al usuario acceder al servicio con algunas caracter\u00edsticas de car\u00e1cter general predefinidas en funci\u00f3n de una serie de criterios en el terminal del usuario como por ejemplo serian el idioma, el tipo de navegador a trav\u00e9s del cual accede al servicio, la configuraci\u00f3n regional desde donde accede al servicio, etc.<\/td>\n<td width=\"123\"><strong>o<\/strong><\/td>\n<\/tr>\n<tr>\n<td width=\"141\"><strong>Cookies de publicidad<\/strong><\/td>\n<td width=\"415\">Son aqu\u00e9llas que permiten la gesti\u00f3n, de la forma m\u00e1s eficaz posible, de los espacios publicitarios que, en su caso, el editor haya incluido en una p\u00e1gina web, aplicaci\u00f3n o plataforma desde la que presta el servicio solicitado en base a criterios como el contenido editado o la frecuencia en la que se muestran los anuncios.<\/td>\n<td width=\"123\"><strong>o<\/strong><\/td>\n<\/tr>\n<tr>\n<td width=\"141\"><strong>Cookies de publicidad comportamental<\/strong><\/td>\n<td width=\"415\">Estas cookies almacenan informaci\u00f3n del comportamiento de los usuarios obtenida a trav\u00e9s de la observaci\u00f3n continuada de sus h\u00e1bitos de navegaci\u00f3n, lo que permite desarrollar un perfil espec\u00edfico para<\/p>\n<p>mostrar publicidad en funci\u00f3n del mismo.<\/td>\n<td width=\"123\"><strong>o<\/strong><\/td>\n<\/tr>\n<\/tbody>\n<\/table>\n<\/div><\/div><\/div><\/div><\/div>\n","protected":false},"excerpt":{"rendered":"","protected":false},"author":1,"featured_media":0,"parent":0,"menu_order":0,"comment_status":"closed","ping_status":"closed","template":"","meta":{"footnotes":""},"class_list":["post-16512","page","type-page","status-publish","hentry"],"_links":{"self":[{"href":"https:\/\/www.anagarciaphotography.com\/es\/wp-json\/wp\/v2\/pages\/16512","targetHints":{"allow":["GET"]}}],"collection":[{"href":"https:\/\/www.anagarciaphotography.com\/es\/wp-json\/wp\/v2\/pages"}],"about":[{"href":"https:\/\/www.anagarciaphotography.com\/es\/wp-json\/wp\/v2\/types\/page"}],"author":[{"embeddable":true,"href":"https:\/\/www.anagarciaphotography.com\/es\/wp-json\/wp\/v2\/users\/1"}],"replies":[{"embeddable":true,"href":"https:\/\/www.anagarciaphotography.com\/es\/wp-json\/wp\/v2\/comments?post=16512"}],"version-history":[{"count":1,"href":"https:\/\/www.anagarciaphotography.com\/es\/wp-json\/wp\/v2\/pages\/16512\/revisions"}],"predecessor-version":[{"id":16513,"href":"https:\/\/www.anagarciaphotography.com\/es\/wp-json\/wp\/v2\/pages\/16512\/revisions\/16513"}],"wp:attachment":[{"href":"https:\/\/www.anagarciaphotography.com\/es\/wp-json\/wp\/v2\/media?parent=16512"}],"curies":[{"name":"wp","href":"https:\/\/api.w.org\/{rel}","templated":true}]}}