{"id":16502,"date":"2023-12-14T12:08:50","date_gmt":"2023-12-14T12:08:50","guid":{"rendered":"https:\/\/www.anagarciaphotography.com\/?page_id=16502"},"modified":"2023-12-14T12:08:50","modified_gmt":"2023-12-14T12:08:50","slug":"politica-de-privacidad","status":"publish","type":"page","link":"https:\/\/www.anagarciaphotography.com\/es\/politica-de-privacidad\/","title":{"rendered":"Pol\u00edtica de Privacidad"},"content":{"rendered":"<p><div class=\"fusion-fullwidth fullwidth-box fusion-builder-row-1 fusion-flex-container nonhundred-percent-fullwidth non-hundred-percent-height-scrolling\" style=\"--awb-border-radius-top-left:0px;--awb-border-radius-top-right:0px;--awb-border-radius-bottom-right:0px;--awb-border-radius-bottom-left:0px;--awb-flex-wrap:wrap;\" ><div class=\"fusion-builder-row fusion-row fusion-flex-align-items-flex-start fusion-flex-content-wrap\" style=\"max-width:1352px;margin-left: calc(-4% \/ 2 );margin-right: calc(-4% \/ 2 );\"><div class=\"fusion-layout-column fusion_builder_column fusion-builder-column-0 fusion_builder_column_1_1 1_1 fusion-flex-column\" style=\"--awb-bg-size:cover;--awb-width-large:100%;--awb-margin-top-large:0px;--awb-spacing-right-large:1.92%;--awb-margin-bottom-large:20px;--awb-spacing-left-large:1.92%;--awb-width-medium:100%;--awb-order-medium:0;--awb-spacing-right-medium:1.92%;--awb-spacing-left-medium:1.92%;--awb-width-small:100%;--awb-order-small:0;--awb-spacing-right-small:1.92%;--awb-spacing-left-small:1.92%;\"><div class=\"fusion-column-wrapper fusion-column-has-shadow fusion-flex-justify-content-flex-start fusion-content-layout-column\"><div class=\"fusion-text fusion-text-1\"><table>\n<tbody>\n<tr>\n<td colspan=\"2\" width=\"598\"><strong>Informaci\u00f3n B\u00e1sica sobre Protecci\u00f3n de datos<\/strong><\/td>\n<\/tr>\n<tr>\n<td width=\"449\"><strong>ANA<\/strong> <strong>MAR\u00cdA<\/strong> <strong>GARC\u00cdA<\/strong> <strong>HERRERO<\/strong><\/td>\n<td width=\"198\"><\/td>\n<\/tr>\n<tr>\n<td width=\"449\">Atender su solicitud.<\/td>\n<td width=\"198\"><\/td>\n<\/tr>\n<tr>\n<td width=\"449\">Ejecuci\u00f3n de un contrato.<\/td>\n<td width=\"198\"><\/td>\n<\/tr>\n<tr>\n<td width=\"449\">No se ceder\u00e1n datos a terceros, salvo obligaci\u00f3n legal.<\/td>\n<td width=\"198\"><\/td>\n<\/tr>\n<tr>\n<td width=\"449\">Tiene derecho a acceder, rectificar y suprimir los datos, as\u00ed como otros derechos, indicados en la informaci\u00f3n adicional, que puede ejercer dirigi\u00e9ndose a <strong>C\/. PARCEL-LES N\u00ba 23 5 B <\/strong>,\u00a0 <strong>07610\u00a0 PALMA\u00a0 DE\u00a0 MALLORCA\u00a0 ILLES\u00a0 BALEARS<\/strong><\/p>\n<p><strong>ESPA\u00d1A<\/strong>.<\/td>\n<td width=\"198\"><\/td>\n<\/tr>\n<\/tbody>\n<\/table>\n<\/div><\/div><\/div><\/div><\/div><div class=\"fusion-fullwidth fullwidth-box fusion-builder-row-2 fusion-flex-container nonhundred-percent-fullwidth non-hundred-percent-height-scrolling\" style=\"--awb-border-radius-top-left:0px;--awb-border-radius-top-right:0px;--awb-border-radius-bottom-right:0px;--awb-border-radius-bottom-left:0px;--awb-flex-wrap:wrap;\" ><div class=\"fusion-builder-row fusion-row fusion-flex-align-items-flex-start fusion-flex-content-wrap\" style=\"max-width:1352px;margin-left: calc(-4% \/ 2 );margin-right: calc(-4% \/ 2 );\"><div class=\"fusion-layout-column fusion_builder_column fusion-builder-column-1 fusion_builder_column_1_1 1_1 fusion-flex-column\" style=\"--awb-bg-size:cover;--awb-width-large:100%;--awb-margin-top-large:0px;--awb-spacing-right-large:1.92%;--awb-margin-bottom-large:20px;--awb-spacing-left-large:1.92%;--awb-width-medium:100%;--awb-order-medium:0;--awb-spacing-right-medium:1.92%;--awb-spacing-left-medium:1.92%;--awb-width-small:100%;--awb-order-small:0;--awb-spacing-right-small:1.92%;--awb-spacing-left-small:1.92%;\"><div class=\"fusion-column-wrapper fusion-column-has-shadow fusion-flex-justify-content-flex-start fusion-content-layout-column\"><div class=\"fusion-text fusion-text-2\"><h2><strong>GENERAL<\/strong><\/h2>\n<p>A los efectos de lo previsto en el Reglamento Europeo de Protecci\u00f3n de Datos UE 2016\/679, de 27 de Abril, del Parlamento y el Consejo, en la Ley 3\/2018, de 5 de Diciembre, de Protecci\u00f3n de Datos y Garant\u00eda de los Derechos Digitales y resto de la normativa nacional<\/p>\n<p>vigente, <strong>ANA MAR\u00cdA GARC\u00cdA HERRERO <\/strong>, le informa que cumple \u00edntegramente con la legislaci\u00f3n vigente en materia de protecci\u00f3n de datos de car\u00e1cter personal, y con los compromisos de confidencialidad propios de su actividad.<\/p>\n<p><strong>ANA MAR\u00cdA GARC\u00cdA HERRERO <\/strong>pone en su conocimiento la existencia de un sistema de<\/p>\n<p>tratamiento de la informaci\u00f3n, titularidad de <strong>ANA MAR\u00cdA GARC\u00cdA HERRERO, <\/strong>para las finalidades propias de gesti\u00f3n, comunicaci\u00f3n e informaci\u00f3n. El citado sistema se encuentra descrito en el correspondiente Registro de Actividades de Tratamiento del RT.<\/p>\n<h2>MEDIDAS Y NIVELES DE SEGURIDAD<\/h2>\n<p><strong>ANA MAR\u00cdA GARC\u00cdA HERRERO <\/strong>ha adoptado las medidas necesarias para garantizar la seguridad de la informaci\u00f3n, tal y como exige el art. 32 del RGPD, seg\u00fan la naturaleza de los datos personales tratados y las circunstancias del tratamiento, con el objeto de evitar, en la medida de lo posible y siempre seg\u00fan el estado de la t\u00e9cnica, su alteraci\u00f3n, p\u00e9rdida, tratamiento o acceso no autorizado, garantizando con ello la confidencialidad, integridad y disponibilidad de los mismos.<\/p>\n<h2>\u00c1MBITO DE APLICACI\u00d3N<\/h2>\n<p>Las medidas de seguridad que <strong>ANA MAR\u00cdA GARC\u00cdA HERRERO <\/strong>tenga descritas en el Registro de Actividades de Tratamiento ser\u00e1n aplicadas al conjunto de activos del sistema de tratamiento de la informaci\u00f3n en el que se traten los datos de car\u00e1cter personal, con el objeto de dar cumplimiento a la legislaci\u00f3n vigente en materia de protecci\u00f3n de datos.<\/p>\n<p>Todo el personal contratado por <strong>ANA MAR\u00cdA GARC\u00cdA HERRERO <\/strong>y sus Encargados de Tratamiento, est\u00e1n obligados al cumplimiento de la citada normativa, con especial atenci\u00f3n en lo relativo a sus funciones y obligaciones, incluido el deber de secreto que ser\u00e1n debidamente determinadas por <strong>ANA MAR\u00cdA GARC\u00cdA HERRERO<\/strong>.<\/p>\n<h2>RECOGIDA DE DATOS<\/h2>\n<p>La aceptaci\u00f3n de las presentes condiciones, precisa del usuario la recogida de unos datos imprescindibles para la prestaci\u00f3n de sus servicios, que le ser\u00e1n solicitados personalmente a trav\u00e9s de formularios o de la p\u00e1gina Web. En el momento de la recogida de los datos, el usuario ser\u00e1 debidamente informado de los derechos que le asisten.<\/p>\n<p>Para que la informaci\u00f3n que contiene nuestro sistema de tratamiento est\u00e9 siempre actualizada y no contenga errores, pedimos a nuestros clientes y usuarios que nos comuniquen, a la mayor brevedad posible, las modificaciones y rectificaciones de sus datos de car\u00e1cter personal.<\/p>\n<h2>EJERCICIO DE DERECHO<\/h2>\n<p>Para ejercitar los Derechos de acceso, impugnaci\u00f3n, rectificaci\u00f3n, cancelaci\u00f3n, supresi\u00f3n u oposici\u00f3n, portabilidad, limitaci\u00f3n del tratamiento, deber\u00e1n dirigirse a <strong>ANA MAR\u00cdA GARC\u00cdA HERRERO<\/strong>, con domicilio en <strong>C\/. PARCEL-LES N\u00ba 23 5 B<\/strong>, <strong>07610 PALMA DE MALLORCA<\/strong><\/p>\n<p><strong>ILLES\u00a0 BALEARS\u00a0 ESPA\u00d1A <\/strong>,\u00a0 mediante\u00a0 comunicaci\u00f3n\u00a0 por\u00a0 escrito\u00a0 o\u00a0 mediante\u00a0 correo<\/p>\n<p>electr\u00f3nico a la direcci\u00f3n <a href=\"mailto:INFO@ANAGARCIAPHOTOGRAPHY.COM\"><strong>INFO@ANAGARCIAPHOTOGRAPHY.COM<\/strong><\/a> . Tambi\u00e9n puede presentar reclamaci\u00f3n ante la AEPD.<\/p>\n<h2>CONSENTIMIENTO<\/h2>\n<p>El usuario prestar\u00e1 su consentimiento para que <strong>ANA MAR\u00cdA GARC\u00cdA HERRERO <\/strong>pueda hacer uso de sus datos personales a fin de prestar un correcto cumplimiento de los servicios contratados.<\/p>\n<p>La cumplimentaci\u00f3n del formulario incluido en el sitio o el env\u00edo de correos electr\u00f3nicos u<\/p>\n<p>otras comunicaciones a <strong>ANA MAR\u00cdA GARC\u00cdA HERRERO<\/strong>, implica el consentimiento expreso del usuario a la inclusi\u00f3n de sus datos de car\u00e1cter personal en el referido sistema de<\/p>\n<p>tratamiento, titularidad de <strong>ANA MAR\u00cdA GARC\u00cdA HERRERO<\/strong>.<\/p>\n<p>Al tiempo de la petici\u00f3n de esta informaci\u00f3n, se comunicar\u00e1 al cliente o usuario del destinatario de la informaci\u00f3n, de la finalidad para la cual se recogen los datos, de la identidad y direcci\u00f3n de <strong>ANA MAR\u00cdA GARC\u00cdA HERRERO <\/strong>y de la facultad del usuario de ejercitar los derechos de acceso, impugnaci\u00f3n, rectificaci\u00f3n, cancelaci\u00f3n, supresi\u00f3n u oposici\u00f3n, portabilidad, limitaci\u00f3n del tratamiento y a presentar reclamaci\u00f3n ante la AEPD.<\/p>\n<h2>CESI\u00d3N A TERCEROS<\/h2>\n<p><strong>ANA MAR\u00cdA GARC\u00cdA HERRERO <\/strong>no cede datos de car\u00e1cter personal sin el consentimiento expreso de sus titulares, que deber\u00e1 ser concedido en cada ocasi\u00f3n, siendo s\u00f3lo cedidos con la finalidad expresada y siempre con el consentimiento del usuario o cliente.<\/p>\n<h2>CONFIDENCIALIDAD Y SECRETO PROFESIONAL<\/h2>\n<p>Los datos recogidos en todas las comunicaciones privadas entre <strong>ANA MAR\u00cdA GARC\u00cdA HERRERO <\/strong>y los clientes o usuarios ser\u00e1n tratados con absoluta confidencialidad, comprometi\u00e9ndose <strong>ANA MAR\u00cdA GARC\u00cdA HERRERO <\/strong>a la obligaci\u00f3n de secreto de los datos de car\u00e1cter personal, a su deber de guardarlos y adoptar todas las medidas necesarias que eviten su alteraci\u00f3n, p\u00e9rdida y tratamiento o acceso no autorizado, de acuerdo con lo establecido en la normativa vigente.<\/p>\n<p>Adem\u00e1s, tambi\u00e9n tendr\u00e1 la condici\u00f3n de confidencial la informaci\u00f3n de cualquier tipo que las partes intercambien entre s\u00ed, aquella que estas acuerden que tiene tal naturaleza, o la que simplemente verse sobre el contenido de dicha informaci\u00f3n. La visualizaci\u00f3n de datos a trav\u00e9s de Internet, no supondr\u00e1 el acceso directo a los mismos, salvo consentimiento expreso de su titular para cada ocasi\u00f3n.<\/p>\n<p>Recomendamos al cliente que no facilite a tercero alguno su identificaci\u00f3n, contrase\u00f1a o n\u00fameros de referencia que <strong>ANA MAR\u00cdA GARC\u00cdA HERRERO <\/strong>pudiera proporcionarle. Asimismo, para garantizar que la protecci\u00f3n del secreto profesional entre <strong>ANA MAR\u00cdA GARC\u00cdA HERRERO <\/strong>y el cliente se preserve en todas las comunicaciones, el cliente\/usuario no debe revelar la informaci\u00f3n confidencial a terceros.<\/p>\n<h2>CAMBIOS EN LA POL\u00cdTICA DE SEGURIDAD Y DE PROTECCI\u00d3N DE DATOS<\/h2>\n<p><strong>ANA MAR\u00cdA GARC\u00cdA HERRERO <\/strong>se reserva el derecho de modificar su pol\u00edtica de seguridad y protecci\u00f3n de datos con el objeto de adaptarlo a las novedades legislativas o jurisprudenciales, as\u00ed como las que pudieran derivarse de c\u00f3digos tipo existentes en la materia, o por decisiones corporativas estrat\u00e9gicas, con efectos de la fecha de publicaci\u00f3n<\/p>\n<p>de dicha modificaci\u00f3n en la p\u00e1gina Web de <strong>ANA MAR\u00cdA GARC\u00cdA HERRERO<\/strong>.<\/p>\n<h2>DIRECCI\u00d3N DE CONTACTO<\/h2>\n<p>El sitio Web <a href=\"http:\/\/WWW.ANAGARCIAPHOTOGRAPHY.COM\/\" target=\"_blank\" rel=\"noopener\"><strong>WWW.ANAGARCIAPHOTOGRAPHY.COM<\/strong><\/a> es gestionado por <strong>ANA MAR\u00cdA GARC\u00cdA HERRERO<\/strong>,\u00a0 con CIF <strong>48592588M.<\/strong><\/p>\n<p>El sistema de tratamiento de la informaci\u00f3n creado, est\u00e1 ubicado en el domicilio social, el cual queda establecido a los efectos del presente Aviso Legal, en <strong>ANA MAR\u00cdA GARC\u00cdA HERRERO<\/strong>, <strong>C\/. PARCEL-LES N\u00ba 23 5 B<\/strong>, <strong>07610 PALMA DE MALLORCA ILLES BALEARS<\/strong><\/p>\n<p><strong>ESPA\u00d1A<\/strong>; bajo la supervisi\u00f3n y control de <strong>ANA MAR\u00cdA GARC\u00cdA HERRERO<\/strong>, quien asume la responsabilidad en la adopci\u00f3n de medidas de seguridad de \u00edndole t\u00e9cnica y organizativa<\/p>\n<p>para proteger la confidencialidad e integridad de la informaci\u00f3n, de acuerdo con lo establecido en el Reglamento Europeo de Protecci\u00f3n de Datos UE 2016\/679, de 27 de Abril, del Parlamento y el Consejo; la Ley Org\u00e1nica 3\/2018, de 5 de Diciembre, de Protecci\u00f3n de Datos y Garant\u00eda de los Derechos Digitales y resto de la normativa nacional vigente y dem\u00e1s legislaci\u00f3n aplicable.<\/p>\n<p><strong>ANA MAR\u00cdA GARC\u00cdA HERRERO <\/strong>a tenor de la Ley 34\/2002, de Servicios de la Sociedad de la Informaci\u00f3n y del Comercio Electr\u00f3nico, les comunica que la acepci\u00f3n amplia de dicha Ley, engloba entre estos servicios el suministro de informaci\u00f3n por dicho medio. En todo caso, ser\u00e1 de aplicaci\u00f3n a este respecto, el Reglamento Europeo de Protecci\u00f3n de Datos UE 2016\/679, de 27 de Abril del Parlamento y el Consejo; la Ley Org\u00e1nica 3\/2018, de 5 de Diciembre, de Protecci\u00f3n de Datos y Garant\u00eda de los Derechos Digitales y resto de la normativa nacional vigente y su normativa de desarrollo, en especial, en lo que se refiere a la obtenci\u00f3n de datos personales, la informaci\u00f3n a los interesados y la creaci\u00f3n y mantenimiento de tratamientos de datos personales.<\/p>\n<\/div><\/div><\/div><\/div><\/div><\/p>\n","protected":false},"excerpt":{"rendered":"","protected":false},"author":1,"featured_media":0,"parent":0,"menu_order":0,"comment_status":"closed","ping_status":"closed","template":"","meta":{"footnotes":""},"class_list":["post-16502","page","type-page","status-publish","hentry"],"_links":{"self":[{"href":"https:\/\/www.anagarciaphotography.com\/es\/wp-json\/wp\/v2\/pages\/16502","targetHints":{"allow":["GET"]}}],"collection":[{"href":"https:\/\/www.anagarciaphotography.com\/es\/wp-json\/wp\/v2\/pages"}],"about":[{"href":"https:\/\/www.anagarciaphotography.com\/es\/wp-json\/wp\/v2\/types\/page"}],"author":[{"embeddable":true,"href":"https:\/\/www.anagarciaphotography.com\/es\/wp-json\/wp\/v2\/users\/1"}],"replies":[{"embeddable":true,"href":"https:\/\/www.anagarciaphotography.com\/es\/wp-json\/wp\/v2\/comments?post=16502"}],"version-history":[{"count":1,"href":"https:\/\/www.anagarciaphotography.com\/es\/wp-json\/wp\/v2\/pages\/16502\/revisions"}],"predecessor-version":[{"id":16503,"href":"https:\/\/www.anagarciaphotography.com\/es\/wp-json\/wp\/v2\/pages\/16502\/revisions\/16503"}],"wp:attachment":[{"href":"https:\/\/www.anagarciaphotography.com\/es\/wp-json\/wp\/v2\/media?parent=16502"}],"curies":[{"name":"wp","href":"https:\/\/api.w.org\/{rel}","templated":true}]}}