{"id":11,"date":"2019-03-06T14:22:52","date_gmt":"2019-03-06T14:22:52","guid":{"rendered":"https:\/\/www.anagarciaphotography.com\/?page_id=11"},"modified":"2025-06-12T14:24:14","modified_gmt":"2025-06-12T14:24:14","slug":"sobre-mi","status":"publish","type":"page","link":"https:\/\/www.anagarciaphotography.com\/es\/sobre-mi\/","title":{"rendered":"Sobre mi"},"content":{"rendered":"<p><div class=\"fusion-fullwidth fullwidth-box fusion-builder-row-1 has-pattern-background has-mask-background fusion-parallax-none hundred-percent-fullwidth non-hundred-percent-height-scrolling lazyload\" style=\"--awb-background-position:center bottom;--awb-border-radius-top-left:0px;--awb-border-radius-top-right:0px;--awb-border-radius-bottom-right:0px;--awb-border-radius-bottom-left:0px;--awb-padding-top:325px;--awb-padding-right:0px;--awb-padding-bottom:325px;--awb-padding-left:0px;--awb-margin-top:0px;--awb-margin-bottom:0px;--awb-background-size:cover;--awb-flex-wrap:wrap;\" data-bg=\"https:\/\/www.anagarciaphotography.com\/wp-content\/uploads\/2025\/06\/formentor-talailadf.jpg\" ><div class=\"fusion-builder-row fusion-row\"><div class=\"fusion-layout-column fusion_builder_column fusion-builder-column-0 fusion_builder_column_1_1 1_1 fusion-one-full fusion-column-first fusion-column-last\" style=\"--awb-padding-top:0px;--awb-padding-right:0px;--awb-padding-bottom:0px;--awb-padding-left:0px;--awb-bg-size:cover;--awb-margin-bottom:0px;\"><div class=\"fusion-column-wrapper fusion-column-has-shadow fusion-flex-column-wrapper-legacy\"><div class=\"fusion-clearfix\"><\/div><\/div><\/div><\/div><\/div><div class=\"fusion-fullwidth fullwidth-box fusion-builder-row-2 has-pattern-background has-mask-background hundred-percent-fullwidth non-hundred-percent-height-scrolling fusion-equal-height-columns\" style=\"--awb-border-radius-top-left:0px;--awb-border-radius-top-right:0px;--awb-border-radius-bottom-right:0px;--awb-border-radius-bottom-left:0px;--awb-padding-top:0px;--awb-padding-right:0px;--awb-padding-bottom:0px;--awb-padding-left:0px;--awb-margin-top:300px;--awb-margin-bottom:0px;--awb-flex-wrap:wrap;\" ><div class=\"fusion-builder-row fusion-row\"><div class=\"fusion-layout-column fusion_builder_column fusion-builder-column-1 fusion_builder_column_1_2 1_2 fusion-one-half fusion-column-first fusion-column-no-min-height changepositionanita\" style=\"--awb-padding-top:3.625rem;--awb-padding-right:5.625rem;--awb-padding-bottom:75px;--awb-padding-left:6.25rem;--awb-bg-color:#ffffff;--awb-bg-color-hover:#ffffff;--awb-bg-size:cover;--awb-margin-top:-180px;--awb-margin-bottom:0px;\"><div class=\"fusion-column-wrapper fusion-column-has-shadow fusion-flex-column-wrapper-legacy\"><div class=\"fusion-text fusion-text-1\" style=\"--awb-font-size:30px;--awb-line-height:2;--awb-text-color:rgba(10,10,10,0.9);--awb-text-font-family:&quot;Cormorant Garamond&quot;;--awb-text-font-style:normal;--awb-text-font-weight:600;\"><p>UN POCO SOBRE M\u00cd<\/p>\n<\/div><div class=\"fusion-text fusion-text-2 bodyana\" style=\"--awb-font-size:13px;--awb-text-color:rgba(10,10,10,0.69);--awb-text-font-family:&quot;Montserrat&quot;;--awb-text-font-style:normal;--awb-text-font-weight:400;\"><p>Hola, soy Ana.<br \/>\nDesde que era ni\u00f1a, el arte ha sido mi refugio. Pasaba horas pintando, perdi\u00e9ndome entre colores y formas, completamente abstra\u00edda del mundo. Durante mi juventud me form\u00e9 en artes pl\u00e1sticas y danza, y m\u00e1s tarde me enamor\u00e9 de la fotograf\u00eda, lo que me llev\u00f3 a profundizar en ella y convertirla en mi forma de vida.<\/p>\n<p>En 2012 comenc\u00e9 mi camino como fot\u00f3grafa de bodas, y desde entonces no he dejado de agradecer la oportunidad de dedicarme a lo que me apasiona. Este trabajo me ha permitido vivir con libertad, conectar con personas incre\u00edbles y ser testigo de momentos que vibran con autenticidad y belleza.<br \/>\nMi estilo est\u00e1 marcado por mi manera de ver el mundo: intuitiva, sensible y po\u00e9tica. Me mueve la emoci\u00f3n real, los gestos espont\u00e1neos y esa magia sutil que habita en lo cotidiano. No busco la perfecci\u00f3n, sino la verdad que hay en cada mirada y en cada instante compartido.<\/p>\n<p>Para m\u00ed, cada boda es \u00fanica. Me encanta escuchar vuestras ideas, conectar con vuestra energ\u00eda, y acompa\u00f1aros con calma y cari\u00f1o en un d\u00eda tan especial. Trabajo de forma discreta, dejando que las cosas fluyan, y gui\u00e1ndoos solo cuando hace falta, para que pod\u00e1is disfrutar al m\u00e1ximo y no preocuparos por la c\u00e1mara.<\/p>\n<p>Adem\u00e1s de la fotograf\u00eda, tengo una gran pasi\u00f3n por la m\u00fasica. Admiro profundamente la capacidad humana de crear armon\u00eda y emoci\u00f3n a trav\u00e9s del sonido. Dedico gran parte de mi tiempo a estudiar m\u00fasica y a practicar yoga y meditaci\u00f3n, disciplinas que me ayudan a vivir con m\u00e1s presencia y sensibilidad.<\/p>\n<p>Soy un alma libre y curiosa, e intento que se refleje en mis im\u00e1genes: momentos frescos, honestos y cargados de emoci\u00f3n. Instantes que se convierten en peque\u00f1os tesoros visuales, llenos de suspiros, sonrisas y sue\u00f1os.<br \/>\nSi crees que conectamos en la forma de ver el mundo, ser\u00eda estupendo poder conocerse. Escr\u00edbeme para que podamos estar en contacto y pueda contar tu historia a trav\u00e9s de mi mirada.<\/p>\n<\/div><div class=\"fusion-clearfix\"><\/div><\/div><\/div><div class=\"fusion-layout-column fusion_builder_column fusion-builder-column-2 fusion_builder_column_2_5 2_5 fusion-two-fifth\" style=\"--awb-bg-size:cover;width:37.6%; margin-right: 4%;\"><div class=\"fusion-column-wrapper fusion-column-has-shadow fusion-flex-column-wrapper-legacy\"><div class=\"fusion-image-element fusion-image-align-right in-legacy-container\" style=\"text-align:right;--awb-caption-title-font-family:var(--h2_typography-font-family);--awb-caption-title-font-weight:var(--h2_typography-font-weight);--awb-caption-title-font-style:var(--h2_typography-font-style);--awb-caption-title-size:var(--h2_typography-font-size);--awb-caption-title-transform:var(--h2_typography-text-transform);--awb-caption-title-line-height:var(--h2_typography-line-height);--awb-caption-title-letter-spacing:var(--h2_typography-letter-spacing);\"><span class=\" fusion-imageframe imageframe-none imageframe-1 hover-type-none\" style=\"margin-left:25px;float:right;\"><img decoding=\"async\" width=\"400\" height=\"600\" title=\"3\" src=\"https:\/\/www.anagarciaphotography.com\/wp-content\/uploads\/2025\/06\/3.jpg\" data-orig-src=\"https:\/\/www.anagarciaphotography.com\/wp-content\/uploads\/2025\/06\/3-400x600.jpg\" class=\"lazyload img-responsive wp-image-21387\" srcset=\"data:image\/svg+xml,%3Csvg%20xmlns%3D%27http%3A%2F%2Fwww.w3.org%2F2000%2Fsvg%27%20width%3D%271200%27%20height%3D%271800%27%20viewBox%3D%270%200%201200%201800%27%3E%3Crect%20width%3D%271200%27%20height%3D%271800%27%20fill-opacity%3D%220%22%2F%3E%3C%2Fsvg%3E\" data-srcset=\"https:\/\/www.anagarciaphotography.com\/wp-content\/uploads\/2025\/06\/3-200x300.jpg 200w, https:\/\/www.anagarciaphotography.com\/wp-content\/uploads\/2025\/06\/3-400x600.jpg 400w, https:\/\/www.anagarciaphotography.com\/wp-content\/uploads\/2025\/06\/3-600x900.jpg 600w, https:\/\/www.anagarciaphotography.com\/wp-content\/uploads\/2025\/06\/3-800x1200.jpg 800w, https:\/\/www.anagarciaphotography.com\/wp-content\/uploads\/2025\/06\/3.jpg 1200w\" data-sizes=\"auto\" data-orig-sizes=\"(max-width: 800px) 100vw, 600px\" alt=\"\"><\/span><\/div><div class=\"fusion-clearfix\"><\/div><\/div><\/div><\/div><\/div><div class=\"fusion-fullwidth fullwidth-box fusion-builder-row-3 fusion-flex-container has-pattern-background has-mask-background nonhundred-percent-fullwidth non-hundred-percent-height-scrolling\" style=\"--awb-border-radius-top-left:0px;--awb-border-radius-top-right:0px;--awb-border-radius-bottom-right:0px;--awb-border-radius-bottom-left:0px;--awb-padding-bottom:100px;--awb-flex-wrap:wrap;\" ><div class=\"fusion-builder-row fusion-row fusion-flex-align-items-flex-start fusion-flex-content-wrap\" style=\"max-width:1352px;margin-left: calc(-4% \/ 2 );margin-right: calc(-4% \/ 2 );\"><div class=\"fusion-layout-column fusion_builder_column fusion-builder-column-3 fusion_builder_column_1_1 1_1 fusion-flex-column\" style=\"--awb-bg-size:cover;--awb-width-large:100%;--awb-margin-top-large:0px;--awb-spacing-right-large:1.92%;--awb-margin-bottom-large:20px;--awb-spacing-left-large:1.92%;--awb-width-medium:100%;--awb-order-medium:0;--awb-spacing-right-medium:1.92%;--awb-spacing-left-medium:1.92%;--awb-width-small:100%;--awb-order-small:0;--awb-spacing-right-small:1.92%;--awb-spacing-left-small:1.92%;\"><div class=\"fusion-column-wrapper fusion-column-has-shadow fusion-flex-justify-content-flex-start fusion-content-layout-column\"><div id='wpsr-reviews-grid-21842' class='wpsr-reviews-21842 wpsr-reviews-wrapper wpsr-feed-wrap wpsr_content     wpsr-reviews-template-grid2 wpsr-reviews-layout-grid ' data-column='4' data-platforms='custom'><div class=\"wpsr-container \" style=\"\" ><div class=\"wpsr-all-reviews wpsr_feeds wpsr-ai-summary-enabled-grid wpsr-row  \" data-column=\"4\"><div class=\"wpsr-col-4 wpsr-col-sm-4 wpsr-col-xs-12\" role=\"group\">\n            <div class=\"wpsr-review-template wpsr-review-template-two wpsr-review-template-custom\"\n                 style=\"\"\n                 data-index=\"0\"\n                 data-source_id=\"\"\n                 data-media_id=\"\"\n                 data-review_platform=\"custom\"\n                 data-product_thumbnail=\"\"\n                 data-product_name=\"\"\n                 data-image_resize=\"full\"\n            >\n                    <div class=\"wpsr-reviewer-image\">\n    <span class=\"wpsr-reviewer-image-url \"   >\n                                    <img decoding=\"async\" class=\"lazyload wpsr-reviewer-avatar\" src=\"data:image\/svg+xml,%3Csvg%20xmlns%3D%27http%3A%2F%2Fwww.w3.org%2F2000%2Fsvg%27%20width%3D%271333%27%20height%3D%271333%27%20viewBox%3D%270%200%201333%201333%27%3E%3Crect%20width%3D%271333%27%20height%3D%271333%27%20fill-opacity%3D%220%22%2F%3E%3C%2Fsvg%3E\" data-orig-src=\"https:\/\/www.anagarciaphotography.com\/wp-content\/uploads\/2025\/06\/Hannah-Dylan-288-1.jpg\" alt=\"Hanna &amp; Dylan\" title=\"\u2014 Ana Garc\u00eda Photography\">\n                        <\/span>\n<\/div>                    <div class=\"wpsr-review-info\">\n                        <span class=\"wpsr-reviewer-name-url\"   >\n    <span class=\"wpsr-reviewer-name\">Hanna &amp; Dylan<\/span>\n    <\/span>                        \n\n\n                    <\/div>\n                <div class=\"wpsr-reviews-content-footer\">\n                <div class=\"wpsr-review-content  \" tabindex=\"0\">\n            <p class=\"wpsr-review-full-content\"><p><em>Ana was a dream to work with! The way she captured our emotions through the lens was truly remarkable. She was so pleasant to work with and very fun! She made me feel extremely comfortable, I\u2019ve never had so much fun getting pictures taken before. Her eye for photography is breathtaking. She responded right away to answer any questions so I did not need to worry about a thing. I would highly recommend Ana and would work with her again and again!! She\u2019s brilliant and her work is extraordinary!<\/em><\/p><\/p>\n    <\/div>                <\/div>\n            <\/div>\n        <\/div><div class=\"wpsr-col-4 wpsr-col-sm-4 wpsr-col-xs-12\" role=\"group\">\n            <div class=\"wpsr-review-template wpsr-review-template-two wpsr-review-template-custom\"\n                 style=\"\"\n                 data-index=\"1\"\n                 data-source_id=\"\"\n                 data-media_id=\"\"\n                 data-review_platform=\"custom\"\n                 data-product_thumbnail=\"\"\n                 data-product_name=\"\"\n                 data-image_resize=\"full\"\n            >\n                    <div class=\"wpsr-reviewer-image\">\n    <span class=\"wpsr-reviewer-image-url \"   >\n                                    <img decoding=\"async\" class=\"lazyload wpsr-reviewer-avatar\" src=\"data:image\/svg+xml,%3Csvg%20xmlns%3D%27http%3A%2F%2Fwww.w3.org%2F2000%2Fsvg%27%20width%3D%271003%27%20height%3D%271001%27%20viewBox%3D%270%200%201003%201001%27%3E%3Crect%20width%3D%271003%27%20height%3D%271001%27%20fill-opacity%3D%220%22%2F%3E%3C%2Fsvg%3E\" data-orig-src=\"https:\/\/www.anagarciaphotography.com\/wp-content\/uploads\/2025\/06\/Lynn-Jose-238.jpg\" alt=\"Lynn &amp; Jose\" title=\"\u2014 Ana Garc\u00eda Photography\">\n                        <\/span>\n<\/div>                    <div class=\"wpsr-review-info\">\n                        <span class=\"wpsr-reviewer-name-url\"   >\n    <span class=\"wpsr-reviewer-name\">Lynn &amp; Jose<\/span>\n    <\/span>                        \n\n\n                    <\/div>\n                <div class=\"wpsr-reviews-content-footer\">\n                <div class=\"wpsr-review-content  \" tabindex=\"0\">\n            <p class=\"wpsr-review-full-content\">\n\n<em>When we were looking for a photographer for our wedding in Mallorca, we stumbled upon Ana Garc\u00eda\u2019s profile and we instantly fell in love with her artistry! On the day of the wedding, Ana was so professional and captured all our precious moments! She is so soft and light that we barely felt her presence among us! She is an artist and a world-class wedding photographer. We are eternally grateful to her for all the beautiful pictures she took! We highly recommend her not only for her skills but also for the warm person that she is! You will not be disappointed if you hire her! Love from Switzerland, Lynn &amp; Jose<\/em>\n\n\n\u00a0<\/p>\n    <\/div>                <\/div>\n            <\/div>\n        <\/div><div class=\"wpsr-col-4 wpsr-col-sm-4 wpsr-col-xs-12\" role=\"group\">\n            <div class=\"wpsr-review-template wpsr-review-template-two wpsr-review-template-custom\"\n                 style=\"\"\n                 data-index=\"2\"\n                 data-source_id=\"\"\n                 data-media_id=\"\"\n                 data-review_platform=\"custom\"\n                 data-product_thumbnail=\"\"\n                 data-product_name=\"\"\n                 data-image_resize=\"full\"\n            >\n                    <div class=\"wpsr-reviewer-image\">\n    <span class=\"wpsr-reviewer-image-url \"   >\n                                    <img decoding=\"async\" class=\"lazyload wpsr-reviewer-avatar\" src=\"data:image\/svg+xml,%3Csvg%20xmlns%3D%27http%3A%2F%2Fwww.w3.org%2F2000%2Fsvg%27%20width%3D%27733%27%20height%3D%27732%27%20viewBox%3D%270%200%20733%20732%27%3E%3Crect%20width%3D%27733%27%20height%3D%27732%27%20fill-opacity%3D%220%22%2F%3E%3C%2Fsvg%3E\" data-orig-src=\"https:\/\/www.anagarciaphotography.com\/wp-content\/uploads\/2025\/06\/Lidia-Daily-133.jpg\" alt=\"Lidia &amp; Darly\" title=\"\u2014 Ana Garc\u00eda Photography\">\n                        <\/span>\n<\/div>                    <div class=\"wpsr-review-info\">\n                        <span class=\"wpsr-reviewer-name-url\"   >\n    <span class=\"wpsr-reviewer-name\">Lidia &amp; Darly<\/span>\n    <\/span>                        \n\n\n                    <\/div>\n                <div class=\"wpsr-reviews-content-footer\">\n                <div class=\"wpsr-review-content  \" tabindex=\"0\">\n            <p class=\"wpsr-review-full-content\">\n\n<p><em>We had the pleasure to have Ana Garcia and her team as the photographer for our wedding. We absolutely love Ana\u2019s style - classy, beautiful, natural, capturing the magical moments in action.\u00a0 Ana managed to get a lot of wonderful shots of the two of us when we had only under an hour for the photo session! Ana is an absolute professional, working with her was easy, fun and stress free, moreover she went above and beyond to accommodate us when we wanted to speak before and after the event. We want to say huge Thank You for looking after us on our special day and capturing us and our loved ones in such a beautiful way. Lidia and Daryl.<\/em><\/p>\n\n\n\u00a0<\/p>\n    <\/div>                <\/div>\n            <\/div>\n        <\/div><div class=\"wpsr-col-4 wpsr-col-sm-4 wpsr-col-xs-12\" role=\"group\">\n            <div class=\"wpsr-review-template wpsr-review-template-two wpsr-review-template-custom\"\n                 style=\"\"\n                 data-index=\"3\"\n                 data-source_id=\"\"\n                 data-media_id=\"\"\n                 data-review_platform=\"custom\"\n                 data-product_thumbnail=\"\"\n                 data-product_name=\"\"\n                 data-image_resize=\"full\"\n            >\n                    <div class=\"wpsr-reviewer-image\">\n    <span class=\"wpsr-reviewer-image-url \"   >\n                                    <img decoding=\"async\" class=\"lazyload wpsr-reviewer-avatar\" src=\"data:image\/svg+xml,%3Csvg%20xmlns%3D%27http%3A%2F%2Fwww.w3.org%2F2000%2Fsvg%27%20width%3D%271001%27%20height%3D%271000%27%20viewBox%3D%270%200%201001%201000%27%3E%3Crect%20width%3D%271001%27%20height%3D%271000%27%20fill-opacity%3D%220%22%2F%3E%3C%2Fsvg%3E\" data-orig-src=\"https:\/\/www.anagarciaphotography.com\/wp-content\/uploads\/2025\/06\/Fiona-Eoin-259.jpg\" alt=\"Fiona &amp; Eoin\" title=\"\u2014 Ana Garc\u00eda Photography\">\n                        <\/span>\n<\/div>                    <div class=\"wpsr-review-info\">\n                        <span class=\"wpsr-reviewer-name-url\"   >\n    <span class=\"wpsr-reviewer-name\">Fiona &amp; Eoin<\/span>\n    <\/span>                        \n\n\n                    <\/div>\n                <div class=\"wpsr-reviews-content-footer\">\n                <div class=\"wpsr-review-content  \" tabindex=\"0\">\n            <p class=\"wpsr-review-full-content\">\n\n<p><em>Myself and Eoin wanted to extend my heartfelt thanks for the incredible job you did capturing our wedding day. The photos are absolutely stunning and perfectly encapsulate the joy, love, and special moments of our celebration. Your talent and professionalism truly shone through, and we couldn't be happier with the results.<\/em><\/p>\n<p><em>Thank you for being a part of our big day and providing us with beautiful memories that we will cherish forever.<\/em><\/p>\n<p><em>THE NUGENTS\u00a0<img decoding=\"async\" class=\"lazyload an1\" src=\"data:image\/gif;base64,R0lGODlhAQABAAAAACH5BAEKAAEALAAAAAABAAEAAAICTAEAOw==\" data-orig-src=\"https:\/\/fonts.gstatic.com\/s\/e\/notoemoji\/16.0\/1f609\/32.png\" alt=\"\ud83d\ude09\" title=\"\u2014 Ana Garc\u00eda Photography\"><\/em><\/p>\n\n\n\u00a0<\/p>\n    <\/div>                <\/div>\n            <\/div>\n        <\/div><div class=\"wpsr-col-4 wpsr-col-sm-4 wpsr-col-xs-12\" role=\"group\">\n            <div class=\"wpsr-review-template wpsr-review-template-two wpsr-review-template-custom\"\n                 style=\"\"\n                 data-index=\"4\"\n                 data-source_id=\"\"\n                 data-media_id=\"\"\n                 data-review_platform=\"custom\"\n                 data-product_thumbnail=\"\"\n                 data-product_name=\"\"\n                 data-image_resize=\"full\"\n            >\n                    <div class=\"wpsr-reviewer-image\">\n    <span class=\"wpsr-reviewer-image-url \"   >\n                                    <img decoding=\"async\" class=\"lazyload wpsr-reviewer-avatar\" src=\"data:image\/svg+xml,%3Csvg%20xmlns%3D%27http%3A%2F%2Fwww.w3.org%2F2000%2Fsvg%27%20width%3D%271180%27%20height%3D%271200%27%20viewBox%3D%270%200%201180%201200%27%3E%3Crect%20width%3D%271180%27%20height%3D%271200%27%20fill-opacity%3D%220%22%2F%3E%3C%2Fsvg%3E\" data-orig-src=\"https:\/\/www.anagarciaphotography.com\/wp-content\/uploads\/2025\/06\/Clara-Andy-123.jpg\" alt=\"Clara and Andy\" title=\"\u2014 Ana Garc\u00eda Photography\">\n                        <\/span>\n<\/div>                    <div class=\"wpsr-review-info\">\n                        <span class=\"wpsr-reviewer-name-url\"   >\n    <span class=\"wpsr-reviewer-name\">Clara and Andy<\/span>\n    <\/span>                        \n\n\n                    <\/div>\n                <div class=\"wpsr-reviews-content-footer\">\n                <div class=\"wpsr-review-content  \" tabindex=\"0\">\n            <p class=\"wpsr-review-full-content\">\n\n<p><em>Ana really captured the whole atmosphere of the day and it was very exciting and a true delight to receive the photos bringing back all the good memories. Ana had a very discrete presence and was super professional. The pictures came out beautiful and we are so happy with our decision to go with Ana as our wedding photographer - she really delivered!<\/em><\/p>\n\n<\/p>\n    <\/div>                <\/div>\n            <\/div>\n        <\/div><div class=\"wpsr-col-4 wpsr-col-sm-4 wpsr-col-xs-12\" role=\"group\">\n            <div class=\"wpsr-review-template wpsr-review-template-two wpsr-review-template-custom\"\n                 style=\"\"\n                 data-index=\"5\"\n                 data-source_id=\"\"\n                 data-media_id=\"\"\n                 data-review_platform=\"custom\"\n                 data-product_thumbnail=\"\"\n                 data-product_name=\"\"\n                 data-image_resize=\"full\"\n            >\n                    <div class=\"wpsr-reviewer-image\">\n    <span class=\"wpsr-reviewer-image-url \"   >\n                                    <img decoding=\"async\" class=\"lazyload wpsr-reviewer-avatar\" src=\"data:image\/svg+xml,%3Csvg%20xmlns%3D%27http%3A%2F%2Fwww.w3.org%2F2000%2Fsvg%27%20width%3D%271200%27%20height%3D%271204%27%20viewBox%3D%270%200%201200%201204%27%3E%3Crect%20width%3D%271200%27%20height%3D%271204%27%20fill-opacity%3D%220%22%2F%3E%3C%2Fsvg%3E\" data-orig-src=\"https:\/\/www.anagarciaphotography.com\/wp-content\/uploads\/2025\/06\/Ann-Sophie-Max-252.jpg\" alt=\"Ann-Sophie &amp; Max\" title=\"\u2014 Ana Garc\u00eda Photography\">\n                        <\/span>\n<\/div>                    <div class=\"wpsr-review-info\">\n                        <span class=\"wpsr-reviewer-name-url\"   >\n    <span class=\"wpsr-reviewer-name\">Ann-Sophie &amp; Max<\/span>\n    <\/span>                        \n\n\n                    <\/div>\n                <div class=\"wpsr-reviews-content-footer\">\n                <div class=\"wpsr-review-content  \" tabindex=\"0\">\n            <p class=\"wpsr-review-full-content\">\n<em>Dear Ana,\u00a0<\/em>\n<em>thank you so much for our amazing wedding photos. We are so happy with them. You captured every moment and the photos perfectly show the emotions and mood of the whole day. It was very nice working with you and you were very profesional all the time. Same can be said for our After Wedding Shooting. We had an amazing time and a lot of fun with you and the results of the photoshoot are great. We can really recommend working with you as a wedding photographer.<\/em>\n<em>Love,\u00a0<\/em>\n<em>Ann-Sophie &amp; Max<\/em>\n<\/p>\n    <\/div>                <\/div>\n            <\/div>\n        <\/div><\/div><button aria-label=\"Cargar mas\" class=\"wpsr-reviews-loadmore wpsr_more\" id=\"wpsr-reviews-load-more-btn21842\" data-paginate=\"6\" data-template_id=\"21842\" data-page=\"1\" data-platform=\"reviews\" data-template_type=\"grid\" data-total=\"16\"><span>Cargar mas<\/span><\/button><\/div><\/div><\/div><\/div><\/div><\/div><div class=\"fusion-fullwidth fullwidth-box fusion-builder-row-4 has-pattern-background has-mask-background hundred-percent-fullwidth non-hundred-percent-height-scrolling\" style=\"--awb-border-radius-top-left:0px;--awb-border-radius-top-right:0px;--awb-border-radius-bottom-right:0px;--awb-border-radius-bottom-left:0px;--awb-padding-top:70px;--awb-padding-bottom:80px;--awb-background-color:#efefef;--awb-flex-wrap:wrap;\" ><div class=\"fusion-builder-row fusion-row\"><div class=\"fusion-layout-column fusion_builder_column fusion-builder-column-4 fusion_builder_column_1_5 1_5 fusion-one-fifth fusion-column-first fusion-column-inner-bg-wrapper\" style=\"--awb-inner-bg-blend:overlay;--awb-inner-bg-size:cover;width:20%;width:calc(20% - ( ( 1% ) * 0.2 ) );margin-right: 1%;\"><span class=\"fusion-column-inner-bg hover-type-none\"><a class=\"fusion-column-anchor\" href=\"https:\/\/www.instagram.com\/anagarciaphotography\/\" target=\"_blank\" rel=\"noopener\"><span class=\"fusion-column-inner-bg-image\"><\/span><\/a><\/span><div class=\"fusion-column-wrapper fusion-flex-column-wrapper-legacy\"><div class=\"fusion-column-content-centered\"><div class=\"fusion-column-content\"><div class=\"fusion-sep-clear\"><\/div><div class=\"fusion-separator fusion-full-width-sep\" style=\"margin-left: auto;margin-right: auto;margin-bottom:35px;width:100%;\"><\/div><div class=\"fusion-sep-clear\"><\/div><div class=\"fusion-fa-align-center\"><i class=\"fb-icon-element-1 fb-icon-element fontawesome-icon fa-instagram fab circle-no\" style=\"--awb-iconcolor:#0a0a0a;--awb-iconcolor-hover:#0a0a0a;--awb-font-size:20px;\"><\/i><\/div><div class=\"fusion-sep-clear\"><\/div><div class=\"fusion-separator fusion-full-width-sep\" style=\"margin-left: auto;margin-right: auto;margin-bottom:20px;width:100%;\"><\/div><div class=\"fusion-sep-clear\"><\/div><div class=\"fusion-text fusion-text-3\"><p style=\"text-align: center;\">@anagarciaphotography<\/p>\n<\/div><\/div><\/div><div class=\"fusion-clearfix\"><\/div><\/div><\/div><div class=\"fusion-layout-column fusion_builder_column fusion-builder-column-5 fusion_builder_column_4_5 4_5 fusion-four-fifth fusion-column-last\" style=\"--awb-bg-blend:overlay;--awb-bg-size:cover;width:80%;width:calc(80% - ( ( 1% ) * 0.8 ) );\"><div class=\"fusion-column-wrapper fusion-flex-column-wrapper-legacy\"><div class=\"fusion-text fusion-text-4\"><p>[elfsight_instagram_feed id=\u00bb1&#8243;]<\/p>\n<\/div><div class=\"fusion-clearfix\"><\/div><\/div><\/div><\/div><\/div>\n<\/p>\n","protected":false},"excerpt":{"rendered":"","protected":false},"author":1,"featured_media":0,"parent":0,"menu_order":0,"comment_status":"closed","ping_status":"closed","template":"100-width.php","meta":{"footnotes":""},"class_list":["post-11","page","type-page","status-publish","hentry"],"_links":{"self":[{"href":"https:\/\/www.anagarciaphotography.com\/es\/wp-json\/wp\/v2\/pages\/11","targetHints":{"allow":["GET"]}}],"collection":[{"href":"https:\/\/www.anagarciaphotography.com\/es\/wp-json\/wp\/v2\/pages"}],"about":[{"href":"https:\/\/www.anagarciaphotography.com\/es\/wp-json\/wp\/v2\/types\/page"}],"author":[{"embeddable":true,"href":"https:\/\/www.anagarciaphotography.com\/es\/wp-json\/wp\/v2\/users\/1"}],"replies":[{"embeddable":true,"href":"https:\/\/www.anagarciaphotography.com\/es\/wp-json\/wp\/v2\/comments?post=11"}],"version-history":[{"count":151,"href":"https:\/\/www.anagarciaphotography.com\/es\/wp-json\/wp\/v2\/pages\/11\/revisions"}],"predecessor-version":[{"id":21879,"href":"https:\/\/www.anagarciaphotography.com\/es\/wp-json\/wp\/v2\/pages\/11\/revisions\/21879"}],"wp:attachment":[{"href":"https:\/\/www.anagarciaphotography.com\/es\/wp-json\/wp\/v2\/media?parent=11"}],"curies":[{"name":"wp","href":"https:\/\/api.w.org\/{rel}","templated":true}]}}